{"id":1422,"date":"2019-10-03T15:06:50","date_gmt":"2019-10-03T13:06:50","guid":{"rendered":"https:\/\/riverview.pl\/fit-out\/styl-klasyczny\/"},"modified":"2025-11-03T08:52:23","modified_gmt":"2025-11-03T07:52:23","slug":"style-klasyczny","status":"publish","type":"page","link":"https:\/\/riverview.pl\/en\/fit-out\/style-klasyczny\/","title":{"rendered":"Classic style"},"content":{"rendered":"","protected":false},"excerpt":{"rendered":"","protected":false},"author":1,"featured_media":0,"parent":1405,"menu_order":0,"comment_status":"closed","ping_status":"closed","template":"","meta":[],"folder":[],"acf":[],"yoast_head":"<!-- This site is optimized with the Yoast SEO plugin v19.9 - https:\/\/yoast.com\/wordpress\/plugins\/seo\/ -->\n<title>Classic style - Riverview<\/title>\n<meta name=\"robots\" content=\"index, follow, max-snippet:-1, max-image-preview:large, max-video-preview:-1\" \/>\n<link rel=\"canonical\" href=\"https:\/\/riverview.pl\/en\/fit-out\/style-klasyczny\/\" \/>\n<meta property=\"og:locale\" content=\"en_US\" \/>\n<meta property=\"og:type\" content=\"article\" \/>\n<meta property=\"og:title\" content=\"Classic style - Riverview\" \/>\n<meta property=\"og:url\" content=\"https:\/\/riverview.pl\/en\/fit-out\/style-klasyczny\/\" \/>\n<meta property=\"og:site_name\" content=\"Riverview\" \/>\n<meta property=\"article:modified_time\" content=\"2025-11-03T07:52:23+00:00\" \/>\n<meta name=\"twitter:card\" content=\"summary_large_image\" \/>\n<script type=\"application\/ld+json\" class=\"yoast-schema-graph\">{\"@context\":\"https:\/\/schema.org\",\"@graph\":[{\"@type\":\"WebPage\",\"@id\":\"https:\/\/riverview.pl\/en\/fit-out\/style-klasyczny\/\",\"url\":\"https:\/\/riverview.pl\/en\/fit-out\/style-klasyczny\/\",\"name\":\"Classic style - Riverview\",\"isPartOf\":{\"@id\":\"https:\/\/riverview.pl\/#website\"},\"datePublished\":\"2019-10-03T13:06:50+00:00\",\"dateModified\":\"2025-11-03T07:52:23+00:00\",\"breadcrumb\":{\"@id\":\"https:\/\/riverview.pl\/en\/fit-out\/style-klasyczny\/#breadcrumb\"},\"inLanguage\":\"en-US\",\"potentialAction\":[{\"@type\":\"ReadAction\",\"target\":[\"https:\/\/riverview.pl\/en\/fit-out\/style-klasyczny\/\"]}]},{\"@type\":\"BreadcrumbList\",\"@id\":\"https:\/\/riverview.pl\/en\/fit-out\/style-klasyczny\/#breadcrumb\",\"itemListElement\":[{\"@type\":\"ListItem\",\"position\":1,\"name\":\"Strona g\u0142\u00f3wna\",\"item\":\"https:\/\/riverview.pl\/en\/\"},{\"@type\":\"ListItem\",\"position\":2,\"name\":\"Fit-out\",\"item\":\"https:\/\/riverview.pl\/en\/fit-out\/\"},{\"@type\":\"ListItem\",\"position\":3,\"name\":\"Classic style\"}]},{\"@type\":\"WebSite\",\"@id\":\"https:\/\/riverview.pl\/#website\",\"url\":\"https:\/\/riverview.pl\/\",\"name\":\"Riverview\",\"description\":\"Nowe mieszkania nad Mot\u0142aw\u0105. Riverview Gda\u0144sk Stare Miasto w centrum\",\"potentialAction\":[{\"@type\":\"SearchAction\",\"target\":{\"@type\":\"EntryPoint\",\"urlTemplate\":\"https:\/\/riverview.pl\/?s={search_term_string}\"},\"query-input\":\"required name=search_term_string\"}],\"inLanguage\":\"en-US\"}]}<\/script>\n<!-- \/ Yoast SEO plugin. -->","yoast_head_json":{"title":"Classic style - Riverview","robots":{"index":"index","follow":"follow","max-snippet":"max-snippet:-1","max-image-preview":"max-image-preview:large","max-video-preview":"max-video-preview:-1"},"canonical":"https:\/\/riverview.pl\/en\/fit-out\/style-klasyczny\/","og_locale":"en_US","og_type":"article","og_title":"Classic style - Riverview","og_url":"https:\/\/riverview.pl\/en\/fit-out\/style-klasyczny\/","og_site_name":"Riverview","article_modified_time":"2025-11-03T07:52:23+00:00","twitter_card":"summary_large_image","schema":{"@context":"https:\/\/schema.org","@graph":[{"@type":"WebPage","@id":"https:\/\/riverview.pl\/en\/fit-out\/style-klasyczny\/","url":"https:\/\/riverview.pl\/en\/fit-out\/style-klasyczny\/","name":"Classic style - Riverview","isPartOf":{"@id":"https:\/\/riverview.pl\/#website"},"datePublished":"2019-10-03T13:06:50+00:00","dateModified":"2025-11-03T07:52:23+00:00","breadcrumb":{"@id":"https:\/\/riverview.pl\/en\/fit-out\/style-klasyczny\/#breadcrumb"},"inLanguage":"en-US","potentialAction":[{"@type":"ReadAction","target":["https:\/\/riverview.pl\/en\/fit-out\/style-klasyczny\/"]}]},{"@type":"BreadcrumbList","@id":"https:\/\/riverview.pl\/en\/fit-out\/style-klasyczny\/#breadcrumb","itemListElement":[{"@type":"ListItem","position":1,"name":"Strona g\u0142\u00f3wna","item":"https:\/\/riverview.pl\/en\/"},{"@type":"ListItem","position":2,"name":"Fit-out","item":"https:\/\/riverview.pl\/en\/fit-out\/"},{"@type":"ListItem","position":3,"name":"Classic style"}]},{"@type":"WebSite","@id":"https:\/\/riverview.pl\/#website","url":"https:\/\/riverview.pl\/","name":"Riverview","description":"Nowe mieszkania nad Mot\u0142aw\u0105. Riverview Gda\u0144sk Stare Miasto w centrum","potentialAction":[{"@type":"SearchAction","target":{"@type":"EntryPoint","urlTemplate":"https:\/\/riverview.pl\/?s={search_term_string}"},"query-input":"required name=search_term_string"}],"inLanguage":"en-US"}]}},"_links":{"self":[{"href":"https:\/\/riverview.pl\/en\/wp-json\/wp\/v2\/pages\/1422"}],"collection":[{"href":"https:\/\/riverview.pl\/en\/wp-json\/wp\/v2\/pages"}],"about":[{"href":"https:\/\/riverview.pl\/en\/wp-json\/wp\/v2\/types\/page"}],"author":[{"embeddable":true,"href":"https:\/\/riverview.pl\/en\/wp-json\/wp\/v2\/users\/1"}],"replies":[{"embeddable":true,"href":"https:\/\/riverview.pl\/en\/wp-json\/wp\/v2\/comments?post=1422"}],"version-history":[{"count":3,"href":"https:\/\/riverview.pl\/en\/wp-json\/wp\/v2\/pages\/1422\/revisions"}],"predecessor-version":[{"id":28613,"href":"https:\/\/riverview.pl\/en\/wp-json\/wp\/v2\/pages\/1422\/revisions\/28613"}],"up":[{"embeddable":true,"href":"https:\/\/riverview.pl\/en\/wp-json\/wp\/v2\/pages\/1405"}],"wp:attachment":[{"href":"https:\/\/riverview.pl\/en\/wp-json\/wp\/v2\/media?parent=1422"}],"wp:term":[{"taxonomy":"folder","embeddable":true,"href":"https:\/\/riverview.pl\/en\/wp-json\/wp\/v2\/folder?post=1422"}],"curies":[{"name":"wp","href":"https:\/\/api.w.org\/{rel}","templated":true}]}}