{"id":28709,"date":"2026-04-02T17:58:45","date_gmt":"2026-04-02T15:58:45","guid":{"rendered":"https:\/\/riverview.pl\/?page_id=28709"},"modified":"2026-04-03T20:22:57","modified_gmt":"2026-04-03T18:22:57","slug":"cookie-notice","status":"publish","type":"page","link":"https:\/\/riverview.pl\/en\/cookie-notice\/","title":{"rendered":"Cookie Notice"},"content":{"rendered":"\n<h2><strong>Cookie Notice \u2013 riverview.pl<\/strong><\/h2>\n\n\n\n<p>Last updated: 1.04.2026<\/p>\n\n\n\n<p>Vastint Poland sp. z o.o. (referred to in this notice as \u201c<strong>Vastint<\/strong>\u201d, \u201c<strong>we<\/strong>\u201d or \u201c<strong>us<\/strong>\u201d) uses cookies and equivalent technologies (hereinafter: \u201c<strong>Cookies<\/strong>\u201d) on the website <a href=\"https:\/\/riverview.pl\"><strong>riverview.pl<\/strong><\/a><\/p>\n\n\n\n<p>(the\u201c<strong>Website<\/strong>\u201d).<\/p>\n\n\n\n<p>You can find out more about Cookies and how to control them in the information below.<\/p>\n\n\n\n<p><strong>1. Use of Cookies<\/strong><\/p>\n\n\n\n<p>Cookies are small text files that are placed on your computer when you use your browser to visit a website that uses Cookies. They are widely used in order to make websites work, work more efficiently and to provide information to the owners of the site.<\/p>\n\n\n\n<p><strong>2. The tables below explain the Cookies we use and why.<\/strong><\/p>\n\n\n\n<p><strong>Essential Cookies<\/strong><\/p>\n\n\n\n<style>\n.cookie-table {\n  width: 100%;\n  border-collapse: collapse;\n  font-family: inherit;\n  font-size: 15px;\n  line-height: 1.6;\n  margin: 30px 0;\n}\n\n.cookie-table thead th {\n  text-align: left;\n  font-weight: 600;\n  padding: 14px 16px;\n  border-bottom: 2px solid #ddd;\n  color: #333;\n}\n\n.cookie-table td {\n  padding: 14px 16px;\n  border-bottom: 1px solid #eee;\n  vertical-align: top;\n  color: #555;\n}\n\n.cookie-table tbody tr:nth-child(even) {\n  background-color: #fafafa;\n}\n\n.cookie-table tbody tr:hover {\n  background-color: #f5f5f5;\n}\n\n.cookie-table td:nth-child(1) { width: 18%; font-weight: 500; color: #222; }\n.cookie-table td:nth-child(2) { width: 18%; }\n.cookie-table td:nth-child(3) { width: 40%; }\n.cookie-table td:nth-child(4) { width: 12%; white-space: nowrap; }\n.cookie-table td:nth-child(5) { width: 12%; }\n\n\/* MOBILE *\/\n@media (max-width: 768px) {\n  .cookie-table thead {\n    display: none;\n  }\n\n  .cookie-table,\n  .cookie-table tbody,\n  .cookie-table tr,\n  .cookie-table td {\n    display: block;\n    width: 100%;\n  }\n\n  .cookie-table tr {\n    margin-bottom: 20px;\n    border: 1px solid #eee;\n    padding: 10px;\n    background: #fff;\n  }\n\n  .cookie-table td {\n    border: none;\n    padding: 8px 10px;\n  }\n\n  .cookie-table td::before {\n    content: attr(data-label);\n    font-weight: 600;\n    display: block;\n    margin-bottom: 4px;\n    color: #333;\n  }\n}\n<\/style>\n\n<table class=\"cookie-table\">\n  <thead>\n    <tr>\n      <th>Cookie<\/th>\n      <th>Domain<\/th>\n      <th>Description<\/th>\n      <th>Duration<\/th>\n      <th>Type<\/th>\n    <\/tr>\n  <\/thead>\n  <tbody>\n<!--\n    <tr>\n      <td data-label=\"Cookie\">__cf_bm<\/td>\n      <td data-label=\"Domain\">.vimeo.com<\/td>\n      <td data-label=\"Description\">This cookie, set by Cloudflare, is used to support Cloudflare Bot Management.<\/td>\n      <td data-label=\"Duration\">1 hour<\/td>\n      <td data-label=\"Type\">Necessary<\/td>\n    <\/tr>\n\n    <tr>\n      <td data-label=\"Cookie\">_cfuvid<\/td>\n      <td data-label=\"Domain\">.vimeo.com<\/td>\n      <td data-label=\"Description\">Cloudflare sets this cookie to track users across sessions to optimize user experience by maintaining session consistency and providing personalized services<\/td>\n      <td data-label=\"Duration\">session<\/td>\n      <td data-label=\"Type\">Necessary<\/td>\n    <\/tr>\n\n    <tr>\n      <td data-label=\"Cookie\">cookielawinfo-checkbox-necessary<\/td>\n      <td data-label=\"Domain\">riverview.pl<\/td>\n      <td data-label=\"Description\">Set by the GDPR Cookie Consent plugin, this cookie is used to record the user consent for the cookies in the \"Necessary\" category.<\/td>\n      <td data-label=\"Duration\">1 year<\/td>\n      <td data-label=\"Type\">Necessary<\/td>\n    <\/tr>\n\n    <tr>\n      <td data-label=\"Cookie\">cookielawinfo-checkbox-non-necessary<\/td>\n      <td data-label=\"Domain\">riverview.pl<\/td>\n      <td data-label=\"Description\">CookieYes sets this cookie to store the user consent for the cookies in the category \"Other\".<\/td>\n      <td data-label=\"Duration\">1 year<\/td>\n      <td data-label=\"Type\">Necessary<\/td>\n    <\/tr>\n--!>\n    <tr>\n      <td data-label=\"Cookie\">_ga<\/td>\n      <td data-label=\"Domain\">.riverview.pl<\/td>\n      <td data-label=\"Description\">The _ga cookie, installed by Google Analytics, calculates visitor, session and campaign data and also keeps track of site usage for the site's analytics report. The cookie stores information anonymously and assigns a randomly generated number to recognize unique visitors.<\/td>\n      <td data-label=\"Duration\">1 year 1 month 4 days<\/td>\n      <td data-label=\"Type\">Analytics<\/td>\n    <\/tr>\n<!--\n    <tr>\n      <td data-label=\"Cookie\">_gid<\/td>\n      <td data-label=\"Domain\">.riverview.pl<\/td>\n      <td data-label=\"Description\">Installed by Google Analytics, _gid cookie stores information on how visitors use a website, while also creating an analytics report of the website's performance. Some of the data that are collected include the number of visitors, their source, and the pages they visit anonymously.<\/td>\n      <td data-label=\"Duration\">1 day<\/td>\n      <td data-label=\"Type\">Analytics<\/td>\n    <\/tr>\n\n    <tr>\n      <td data-label=\"Cookie\">_gat_UA-*<\/td>\n      <td data-label=\"Domain\">.riverview.pl<\/td>\n      <td data-label=\"Description\">Google Analytics sets this cookie for user behaviour tracking.<\/td>\n      <td data-label=\"Duration\">1 minute<\/td>\n      <td data-label=\"Type\">Analytics<\/td>\n    <\/tr>\n\n    <tr>\n      <td data-label=\"Cookie\">vuid<\/td>\n      <td data-label=\"Domain\">.vimeo.com<\/td>\n      <td data-label=\"Description\">Vimeo installs this cookie to collect tracking information by setting a unique ID to embed videos to the website.<\/td>\n      <td data-label=\"Duration\">1 year 1 month 4 days<\/td>\n      <td data-label=\"Type\">Analytics<\/td>\n    <\/tr>\n--!>\n    <tr>\n      <td data-label=\"Cookie\">_GRECAPTCHA<\/td>\n      <td data-label=\"Domain\">www.google.com<\/td>\n      <td data-label=\"Description\">This cookie is set by the Google recaptcha service to identify bots to protect the website against malicious spam attacks.<\/td>\n      <td data-label=\"Duration\">6 months<\/td>\n      <td data-label=\"Type\">Necessary<\/td>\n    <\/tr>\n<!--\n    <tr>\n      <td data-label=\"Cookie\">_grecaptcha<\/td>\n      <td data-label=\"Domain\">riverview.pl<\/td>\n      <td data-label=\"Description\"><\/td>\n      <td data-label=\"Duration\">never<\/td>\n      <td data-label=\"Type\">Other<\/td>\n    <\/tr>\n\n    <tr>\n      <td data-label=\"Cookie\">rc::a<\/td>\n      <td data-label=\"Domain\">google.com<\/td>\n      <td data-label=\"Description\">This cookie is set by the Google recaptcha service to identify bots to protect the website against malicious spam attacks.<\/td>\n      <td data-label=\"Duration\">never<\/td>\n      <td data-label=\"Type\">Necessary<\/td>\n    <\/tr>\n\n    <tr>\n      <td data-label=\"Cookie\">rc::f<\/td>\n      <td data-label=\"Domain\">google.com<\/td>\n      <td data-label=\"Description\">This cookie is set by the Google recaptcha service to identify bots to protect the website against malicious spam attacks.<\/td>\n      <td data-label=\"Duration\">never<\/td>\n      <td data-label=\"Type\">Necessary<\/td>\n    <\/tr>\n\n    <tr>\n      <td data-label=\"Cookie\">rc::b<\/td>\n      <td data-label=\"Domain\">google.com<\/td>\n      <td data-label=\"Description\">This cookie is set by the Google recaptcha service to identify bots to protect the website against malicious spam attacks.<\/td>\n      <td data-label=\"Duration\">session<\/td>\n      <td data-label=\"Type\">Necessary<\/td>\n    <\/tr>\n\n    <tr>\n      <td data-label=\"Cookie\">rc::c<\/td>\n      <td data-label=\"Domain\">google.com<\/td>\n      <td data-label=\"Description\">This cookie is set by the Google recaptcha service to identify bots to protect the website against malicious spam attacks.<\/td>\n      <td data-label=\"Duration\">session<\/td>\n      <td data-label=\"Type\">Necessary<\/td>\n    <\/tr>\n--!>\n  <\/tbody>\n<\/table>\n\n\n\n<p><strong>3. How do I change my Cookie settings?<\/strong><\/p>\n\n\n\n<p>At present, we only use Essential Cookies (strictly necessary Cookies), which cannot be disabled.<\/p>\n\n\n\n<p>In the future, we may add non-essential Cookies, but if we do we will update this Cookie Notice to explain those. You can disable non-essential Cookies by selecting \u201cDecline all\u201d on our Cookie consent pop-up.<\/p>\n\n\n\n<p>If you do not wish us to place Cookies, you may also set your browser to refuse Cookies, or to alert you when Cookies are placed. However, if you select this setting, you may be unable to access certain parts of our Website. Unless you have adjusted your browser setting so that it will refuse Cookies, your system will continue to accept Cookies when you direct your browser to our Website.<\/p>\n\n\n\n<p>To find out more about Cookies, including how to see what Cookies have been set and how to manage and delete them, visit&nbsp;<a href=\"http:\/\/www.aboutcookies.org\/\">www.aboutcookies.org<\/a>&nbsp;or&nbsp;<a href=\"http:\/\/www.allaboutcookies.org\/\">www.allaboutcookies.org<\/a>.<\/p>\n\n\n\n<p>4. Questions, concerns or complaints<\/p>\n\n\n\n<p>To ask questions or comment about our Cookie Notice, please contact us at&nbsp;<a href=\"mailto:info.poland@vastint.eu\">info.poland@vastint.eu<\/a>&nbsp;or you can write to Vastint Poland sp. z o.o., ul. \u017bwirki i Wigury 16B, 02-092 Warsaw, Poland, marked for the attention of the Legal Counsel. Please refer to our&nbsp;<a href=\"https:\/\/riverview.pl\/en\/privacy-notice\/\">Privacy Notice<\/a>&nbsp;for information as to how we process your personal data.<\/p>\n\n\n\n<p><\/p>\n","protected":false},"excerpt":{"rendered":"<p>Cookie Notice \u2013 riverview.pl Last updated: 1.04.2026 Vastint Poland sp. z o.o. (referred to in this notice as \u201cVastint\u201d, \u201cwe\u201d or \u201cus\u201d) uses cookies and equivalent technologies (hereinafter: \u201cCookies\u201d) on the website riverview.pl (the\u201cWebsite\u201d). You can find out more about Cookies and how to control them in the information below. 1. Use of Cookies Cookies [&hellip;]<\/p>\n","protected":false},"author":1,"featured_media":0,"parent":0,"menu_order":0,"comment_status":"closed","ping_status":"open","template":"","meta":[],"folder":[],"acf":[],"yoast_head":"<!-- This site is optimized with the Yoast SEO plugin v19.9 - https:\/\/yoast.com\/wordpress\/plugins\/seo\/ -->\n<title>Cookie Notice - Riverview<\/title>\n<meta name=\"robots\" content=\"index, follow, max-snippet:-1, max-image-preview:large, max-video-preview:-1\" \/>\n<link rel=\"canonical\" href=\"https:\/\/riverview.pl\/en\/cookie-notice\/\" \/>\n<meta property=\"og:locale\" content=\"en_US\" \/>\n<meta property=\"og:type\" content=\"article\" \/>\n<meta property=\"og:title\" content=\"Cookie Notice - Riverview\" \/>\n<meta property=\"og:description\" content=\"Cookie Notice \u2013 riverview.pl Last updated: 1.04.2026 Vastint Poland sp. z o.o. (referred to in this notice as \u201cVastint\u201d, \u201cwe\u201d or \u201cus\u201d) uses cookies and equivalent technologies (hereinafter: \u201cCookies\u201d) on the website riverview.pl (the\u201cWebsite\u201d). You can find out more about Cookies and how to control them in the information below. 1. Use of Cookies Cookies [&hellip;]\" \/>\n<meta property=\"og:url\" content=\"https:\/\/riverview.pl\/en\/cookie-notice\/\" \/>\n<meta property=\"og:site_name\" content=\"Riverview\" \/>\n<meta property=\"article:modified_time\" content=\"2026-04-03T18:22:57+00:00\" \/>\n<meta name=\"twitter:card\" content=\"summary_large_image\" \/>\n<meta name=\"twitter:label1\" content=\"Est. reading time\" \/>\n\t<meta name=\"twitter:data1\" content=\"5 minutes\" \/>\n<script type=\"application\/ld+json\" class=\"yoast-schema-graph\">{\"@context\":\"https:\/\/schema.org\",\"@graph\":[{\"@type\":\"WebPage\",\"@id\":\"https:\/\/riverview.pl\/en\/cookie-notice\/\",\"url\":\"https:\/\/riverview.pl\/en\/cookie-notice\/\",\"name\":\"Cookie Notice - Riverview\",\"isPartOf\":{\"@id\":\"https:\/\/riverview.pl\/#website\"},\"datePublished\":\"2026-04-02T15:58:45+00:00\",\"dateModified\":\"2026-04-03T18:22:57+00:00\",\"breadcrumb\":{\"@id\":\"https:\/\/riverview.pl\/en\/cookie-notice\/#breadcrumb\"},\"inLanguage\":\"en-US\",\"potentialAction\":[{\"@type\":\"ReadAction\",\"target\":[\"https:\/\/riverview.pl\/en\/cookie-notice\/\"]}]},{\"@type\":\"BreadcrumbList\",\"@id\":\"https:\/\/riverview.pl\/en\/cookie-notice\/#breadcrumb\",\"itemListElement\":[{\"@type\":\"ListItem\",\"position\":1,\"name\":\"Strona g\u0142\u00f3wna\",\"item\":\"https:\/\/riverview.pl\/en\/\"},{\"@type\":\"ListItem\",\"position\":2,\"name\":\"Cookie Notice\"}]},{\"@type\":\"WebSite\",\"@id\":\"https:\/\/riverview.pl\/#website\",\"url\":\"https:\/\/riverview.pl\/\",\"name\":\"Riverview\",\"description\":\"Nowe mieszkania nad Mot\u0142aw\u0105. Riverview Gda\u0144sk Stare Miasto w centrum\",\"potentialAction\":[{\"@type\":\"SearchAction\",\"target\":{\"@type\":\"EntryPoint\",\"urlTemplate\":\"https:\/\/riverview.pl\/?s={search_term_string}\"},\"query-input\":\"required name=search_term_string\"}],\"inLanguage\":\"en-US\"}]}<\/script>\n<!-- \/ Yoast SEO plugin. -->","yoast_head_json":{"title":"Cookie Notice - Riverview","robots":{"index":"index","follow":"follow","max-snippet":"max-snippet:-1","max-image-preview":"max-image-preview:large","max-video-preview":"max-video-preview:-1"},"canonical":"https:\/\/riverview.pl\/en\/cookie-notice\/","og_locale":"en_US","og_type":"article","og_title":"Cookie Notice - Riverview","og_description":"Cookie Notice \u2013 riverview.pl Last updated: 1.04.2026 Vastint Poland sp. z o.o. (referred to in this notice as \u201cVastint\u201d, \u201cwe\u201d or \u201cus\u201d) uses cookies and equivalent technologies (hereinafter: \u201cCookies\u201d) on the website riverview.pl (the\u201cWebsite\u201d). You can find out more about Cookies and how to control them in the information below. 1. Use of Cookies Cookies [&hellip;]","og_url":"https:\/\/riverview.pl\/en\/cookie-notice\/","og_site_name":"Riverview","article_modified_time":"2026-04-03T18:22:57+00:00","twitter_card":"summary_large_image","twitter_misc":{"Est. reading time":"5 minutes"},"schema":{"@context":"https:\/\/schema.org","@graph":[{"@type":"WebPage","@id":"https:\/\/riverview.pl\/en\/cookie-notice\/","url":"https:\/\/riverview.pl\/en\/cookie-notice\/","name":"Cookie Notice - Riverview","isPartOf":{"@id":"https:\/\/riverview.pl\/#website"},"datePublished":"2026-04-02T15:58:45+00:00","dateModified":"2026-04-03T18:22:57+00:00","breadcrumb":{"@id":"https:\/\/riverview.pl\/en\/cookie-notice\/#breadcrumb"},"inLanguage":"en-US","potentialAction":[{"@type":"ReadAction","target":["https:\/\/riverview.pl\/en\/cookie-notice\/"]}]},{"@type":"BreadcrumbList","@id":"https:\/\/riverview.pl\/en\/cookie-notice\/#breadcrumb","itemListElement":[{"@type":"ListItem","position":1,"name":"Strona g\u0142\u00f3wna","item":"https:\/\/riverview.pl\/en\/"},{"@type":"ListItem","position":2,"name":"Cookie Notice"}]},{"@type":"WebSite","@id":"https:\/\/riverview.pl\/#website","url":"https:\/\/riverview.pl\/","name":"Riverview","description":"Nowe mieszkania nad Mot\u0142aw\u0105. Riverview Gda\u0144sk Stare Miasto w centrum","potentialAction":[{"@type":"SearchAction","target":{"@type":"EntryPoint","urlTemplate":"https:\/\/riverview.pl\/?s={search_term_string}"},"query-input":"required name=search_term_string"}],"inLanguage":"en-US"}]}},"_links":{"self":[{"href":"https:\/\/riverview.pl\/en\/wp-json\/wp\/v2\/pages\/28709"}],"collection":[{"href":"https:\/\/riverview.pl\/en\/wp-json\/wp\/v2\/pages"}],"about":[{"href":"https:\/\/riverview.pl\/en\/wp-json\/wp\/v2\/types\/page"}],"author":[{"embeddable":true,"href":"https:\/\/riverview.pl\/en\/wp-json\/wp\/v2\/users\/1"}],"replies":[{"embeddable":true,"href":"https:\/\/riverview.pl\/en\/wp-json\/wp\/v2\/comments?post=28709"}],"version-history":[{"count":9,"href":"https:\/\/riverview.pl\/en\/wp-json\/wp\/v2\/pages\/28709\/revisions"}],"predecessor-version":[{"id":28740,"href":"https:\/\/riverview.pl\/en\/wp-json\/wp\/v2\/pages\/28709\/revisions\/28740"}],"wp:attachment":[{"href":"https:\/\/riverview.pl\/en\/wp-json\/wp\/v2\/media?parent=28709"}],"wp:term":[{"taxonomy":"folder","embeddable":true,"href":"https:\/\/riverview.pl\/en\/wp-json\/wp\/v2\/folder?post=28709"}],"curies":[{"name":"wp","href":"https:\/\/api.w.org\/{rel}","templated":true}]}}